{"id":133,"date":"2026-01-20T17:46:28","date_gmt":"2026-01-20T17:46:28","guid":{"rendered":"https:\/\/simplifyitguide.com\/?page_id=133"},"modified":"2026-01-24T09:31:10","modified_gmt":"2026-01-24T09:31:10","slug":"picerija-luigi","status":"publish","type":"page","link":"https:\/\/simplifyitguide.com\/","title":{"rendered":"Picerija Luigi"},"content":{"rendered":"\n<div class=\"wp-block-group alignfull has-global-padding is-content-justification-center is-layout-constrained wp-block-group-is-layout-constrained\">\n<figure class=\"wp-block-image alignwide size-large has-custom-border is-style-rounded\" style=\"margin-top:0;margin-right:0;margin-bottom:0;margin-left:0\"><img loading=\"lazy\" decoding=\"async\" width=\"1024\" height=\"574\" src=\"https:\/\/simplifyitguide.com\/wp-content\/uploads\/2026\/01\/l-intro-1705287607-1024x574.jpg\" alt=\"\" class=\"wp-image-142\" style=\"border-style:none;border-width:0px;border-top-left-radius:100px;border-top-right-radius:100px;border-bottom-left-radius:100px;border-bottom-right-radius:100px\" srcset=\"https:\/\/simplifyitguide.com\/wp-content\/uploads\/2026\/01\/l-intro-1705287607-1024x574.jpg 1024w, https:\/\/simplifyitguide.com\/wp-content\/uploads\/2026\/01\/l-intro-1705287607-300x168.jpg 300w, https:\/\/simplifyitguide.com\/wp-content\/uploads\/2026\/01\/l-intro-1705287607-768x431.jpg 768w, https:\/\/simplifyitguide.com\/wp-content\/uploads\/2026\/01\/l-intro-1705287607-1536x861.jpg 1536w, https:\/\/simplifyitguide.com\/wp-content\/uploads\/2026\/01\/l-intro-1705287607.jpg 1600w\" sizes=\"auto, (max-width: 1024px) 100vw, 1024px\" \/><\/figure>\n<\/div>\n\n\n\n<div class=\"wp-block-group has-global-padding is-layout-constrained wp-block-group-is-layout-constrained\">\n<h2 class=\"wp-block-heading has-text-align-center\">Ko so rekli, da se tega ne da izbolj\u0161ati, smo naredili svojo pot.<br>Luigi je nastal iz kljubovanja, ponosa in \u017eelje narediti pico <strong>bolje<\/strong>.<br>Vsako pico pe\u010demo brez kompromisov \u2014 ker cilj ni dobra pica, ampak <strong>najbolj\u0161a<\/strong>.<\/h2>\n<\/div>\n","protected":false},"excerpt":{"rendered":"<p>Ko so rekli, da se tega ne da izbolj\u0161ati, smo naredili svojo pot.Luigi je nastal iz kljubovanja, ponosa in \u017eelje narediti pico bolje.Vsako pico pe\u010demo brez kompromisov \u2014 ker cilj ni dobra pica, ampak najbolj\u0161a.<\/p>\n","protected":false},"author":1,"featured_media":0,"parent":0,"menu_order":0,"comment_status":"closed","ping_status":"closed","template":"","meta":{"footnotes":""},"class_list":["post-133","page","type-page","status-publish","hentry"],"_links":{"self":[{"href":"https:\/\/simplifyitguide.com\/index.php\/wp-json\/wp\/v2\/pages\/133","targetHints":{"allow":["GET"]}}],"collection":[{"href":"https:\/\/simplifyitguide.com\/index.php\/wp-json\/wp\/v2\/pages"}],"about":[{"href":"https:\/\/simplifyitguide.com\/index.php\/wp-json\/wp\/v2\/types\/page"}],"author":[{"embeddable":true,"href":"https:\/\/simplifyitguide.com\/index.php\/wp-json\/wp\/v2\/users\/1"}],"replies":[{"embeddable":true,"href":"https:\/\/simplifyitguide.com\/index.php\/wp-json\/wp\/v2\/comments?post=133"}],"version-history":[{"count":9,"href":"https:\/\/simplifyitguide.com\/index.php\/wp-json\/wp\/v2\/pages\/133\/revisions"}],"predecessor-version":[{"id":390,"href":"https:\/\/simplifyitguide.com\/index.php\/wp-json\/wp\/v2\/pages\/133\/revisions\/390"}],"wp:attachment":[{"href":"https:\/\/simplifyitguide.com\/index.php\/wp-json\/wp\/v2\/media?parent=133"}],"curies":[{"name":"wp","href":"https:\/\/api.w.org\/{rel}","templated":true}]}}