{"id":235,"date":"2026-01-22T16:52:24","date_gmt":"2026-01-22T16:52:24","guid":{"rendered":"https:\/\/simplifyitguide.com\/?page_id=235"},"modified":"2026-01-24T09:46:15","modified_gmt":"2026-01-24T09:46:15","slug":"galerija","status":"publish","type":"page","link":"https:\/\/simplifyitguide.com\/index.php\/galerija\/","title":{"rendered":"GALERIJA"},"content":{"rendered":"\n<div class=\"wp-block-group alignfull is-layout-grid wp-container-core-group-is-layout-f6701faa wp-block-group-is-layout-grid\" style=\"margin-top:0;margin-bottom:0;padding-top:0;padding-right:0;padding-bottom:0;padding-left:0\">\n<figure class=\"wp-block-image alignleft size-full has-custom-border\" style=\"margin-top:0;margin-right:10%;margin-bottom:0;margin-left:10%\"><img loading=\"lazy\" decoding=\"async\" width=\"1024\" height=\"969\" src=\"https:\/\/simplifyitguide.com\/wp-content\/uploads\/2026\/01\/slika1.jpg\" alt=\"\" class=\"wp-image-389\" style=\"border-style:none;border-width:0px;border-top-left-radius:100px;border-top-right-radius:100px;border-bottom-left-radius:100px;border-bottom-right-radius:100px\" srcset=\"https:\/\/simplifyitguide.com\/wp-content\/uploads\/2026\/01\/slika1.jpg 1024w, https:\/\/simplifyitguide.com\/wp-content\/uploads\/2026\/01\/slika1-300x284.jpg 300w, https:\/\/simplifyitguide.com\/wp-content\/uploads\/2026\/01\/slika1-768x727.jpg 768w\" sizes=\"auto, (max-width: 1024px) 100vw, 1024px\" \/><\/figure>\n\n\n\n<div class=\"wp-block-group is-content-justification-left is-nowrap is-layout-flex wp-container-core-group-is-layout-fc9f69e7 wp-block-group-is-layout-flex\">\n<p class=\"has-text-align-left has-unbounded-font-family has-medium-font-size\">Doma\u010de<\/p>\n<\/div>\n<\/div>\n\n\n\n<div class=\"wp-block-group alignfull is-layout-grid wp-container-core-group-is-layout-f6701faa wp-block-group-is-layout-grid\" style=\"margin-top:0;margin-bottom:0;padding-top:0;padding-right:0;padding-bottom:0;padding-left:0\">\n<div class=\"wp-block-group has-unbounded-font-family is-content-justification-right is-nowrap is-layout-flex wp-container-core-group-is-layout-059f9fe0 wp-block-group-is-layout-flex\" style=\"padding-top:0;padding-right:0;padding-bottom:0;padding-left:0\">\n<p class=\"has-text-align-left has-unbounded-font-family has-medium-font-size\">Sve\u017ee<\/p>\n<\/div>\n\n\n\n<figure class=\"wp-block-image size-large has-custom-border\" style=\"margin-right:10%;margin-left:10%\"><img loading=\"lazy\" decoding=\"async\" width=\"1024\" height=\"683\" src=\"https:\/\/simplifyitguide.com\/wp-content\/uploads\/2026\/01\/slika2-1024x683.jpg\" alt=\"\" class=\"wp-image-391\" style=\"border-top-left-radius:100px;border-top-right-radius:100px;border-bottom-left-radius:100px;border-bottom-right-radius:100px\" srcset=\"https:\/\/simplifyitguide.com\/wp-content\/uploads\/2026\/01\/slika2-1024x683.jpg 1024w, https:\/\/simplifyitguide.com\/wp-content\/uploads\/2026\/01\/slika2-300x200.jpg 300w, https:\/\/simplifyitguide.com\/wp-content\/uploads\/2026\/01\/slika2-768x512.jpg 768w, https:\/\/simplifyitguide.com\/wp-content\/uploads\/2026\/01\/slika2-1536x1024.jpg 1536w, https:\/\/simplifyitguide.com\/wp-content\/uploads\/2026\/01\/slika2-2048x1365.jpg 2048w\" sizes=\"auto, (max-width: 1024px) 100vw, 1024px\" \/><\/figure>\n<\/div>\n\n\n\n<div class=\"wp-block-group alignfull is-layout-grid wp-container-core-group-is-layout-f6701faa wp-block-group-is-layout-grid\" style=\"margin-top:0;margin-bottom:0;padding-top:0;padding-right:0;padding-bottom:0;padding-left:0\">\n<figure class=\"wp-block-image alignleft size-full has-custom-border\" style=\"margin-top:0;margin-right:4%;margin-bottom:0;margin-left:4%\"><img loading=\"lazy\" decoding=\"async\" width=\"1200\" height=\"620\" src=\"https:\/\/simplifyitguide.com\/wp-content\/uploads\/2026\/01\/Slika3.jpg\" alt=\"\" class=\"wp-image-415\" style=\"border-style:none;border-width:0px;border-top-left-radius:100px;border-top-right-radius:100px;border-bottom-left-radius:100px;border-bottom-right-radius:100px\" srcset=\"https:\/\/simplifyitguide.com\/wp-content\/uploads\/2026\/01\/Slika3.jpg 1200w, https:\/\/simplifyitguide.com\/wp-content\/uploads\/2026\/01\/Slika3-300x155.jpg 300w, https:\/\/simplifyitguide.com\/wp-content\/uploads\/2026\/01\/Slika3-1024x529.jpg 1024w, https:\/\/simplifyitguide.com\/wp-content\/uploads\/2026\/01\/Slika3-768x397.jpg 768w\" sizes=\"auto, (max-width: 1200px) 100vw, 1200px\" \/><\/figure>\n\n\n\n<div class=\"wp-block-group is-content-justification-left is-nowrap is-layout-flex wp-container-core-group-is-layout-fc9f69e7 wp-block-group-is-layout-flex\">\n<p class=\"has-text-align-left has-unbounded-font-family has-medium-font-size\">Odli\u010dno<\/p>\n<\/div>\n<\/div>\n","protected":false},"excerpt":{"rendered":"<p>Doma\u010de Sve\u017ee Odli\u010dno<\/p>\n","protected":false},"author":1,"featured_media":0,"parent":0,"menu_order":0,"comment_status":"closed","ping_status":"closed","template":"","meta":{"footnotes":""},"class_list":["post-235","page","type-page","status-publish","hentry"],"_links":{"self":[{"href":"https:\/\/simplifyitguide.com\/index.php\/wp-json\/wp\/v2\/pages\/235","targetHints":{"allow":["GET"]}}],"collection":[{"href":"https:\/\/simplifyitguide.com\/index.php\/wp-json\/wp\/v2\/pages"}],"about":[{"href":"https:\/\/simplifyitguide.com\/index.php\/wp-json\/wp\/v2\/types\/page"}],"author":[{"embeddable":true,"href":"https:\/\/simplifyitguide.com\/index.php\/wp-json\/wp\/v2\/users\/1"}],"replies":[{"embeddable":true,"href":"https:\/\/simplifyitguide.com\/index.php\/wp-json\/wp\/v2\/comments?post=235"}],"version-history":[{"count":20,"href":"https:\/\/simplifyitguide.com\/index.php\/wp-json\/wp\/v2\/pages\/235\/revisions"}],"predecessor-version":[{"id":417,"href":"https:\/\/simplifyitguide.com\/index.php\/wp-json\/wp\/v2\/pages\/235\/revisions\/417"}],"wp:attachment":[{"href":"https:\/\/simplifyitguide.com\/index.php\/wp-json\/wp\/v2\/media?parent=235"}],"curies":[{"name":"wp","href":"https:\/\/api.w.org\/{rel}","templated":true}]}}